{"id":2857,"date":"2022-06-02T09:43:26","date_gmt":"2022-06-02T07:43:26","guid":{"rendered":"https:\/\/coldhawaiiwatersport.dk\/vare\/rental-of-14-foot-dinghy\/"},"modified":"2024-07-30T15:26:07","modified_gmt":"2024-07-30T13:26:07","slug":"rental-of-14-foot-dinghy","status":"publish","type":"product","link":"https:\/\/coldhawaiiwatersport.dk\/en\/vare\/rental-of-14-foot-dinghy\/","title":{"rendered":"Rental of 14-foot Dinghy"},"content":{"rendered":"","protected":false},"excerpt":{"rendered":"<p>Dinghy for rent From Aggervej 28 which is rented for the 2.5 hour departure. It is a 14-foot dinghy with a 9.9 hp outboard motor, no proof is required to sail the dinghy (easy introduction to the engine and boat how it works is given before departure) with space for 4-5 people (my age to rent 16 years ). DKK 500 + consumption of petrol.<\/p>\n<p>Either sail a nice trip up towards M\u00e5rupm\u00f8lle or the other way out towards the fjord or across to flat sea or up to \u00d8rum lake and you can bring your fishing rod, there are 38 km of canals and lakes. otherwise you can just lie down and play in the immediate area and have a great day with family. and friends or a romantic girlfriend go with a bottle of bubbly and watch the sun go down. we have 1 dinghy that is rented for the 2.5 hour departure. Life jackets are required (which we provide). (sailing with the dinghy is at your own risk) and must be returned in the same condition as received<\/p>\n","protected":false},"featured_media":1766,"template":"","meta":[],"product_brand":[],"product_cat":[109],"product_tag":[],"class_list":{"0":"post-2857","1":"product","2":"type-product","3":"status-publish","4":"has-post-thumbnail","6":"product_cat-equipment","8":"entry","9":"has-media","11":"first","12":"instock","13":"taxable","14":"shipping-taxable","15":"purchasable","16":"product-type-redq_rental","17":"has-product-nav","18":"col","19":"span_1_of_3","20":"owp-content-center","21":"owp-thumbs-layout-horizontal","22":"owp-btn-normal","23":"owp-tabs-layout-horizontal","24":"has-no-thumbnails"},"yoast_head":"<!-- This site is optimized with the Yoast SEO plugin v24.8.1 - https:\/\/yoast.com\/wordpress\/plugins\/seo\/ -->\n<title>Rental of 14-foot Dinghy - coldhawaiiwatersport.dk<\/title>\n<meta name=\"robots\" content=\"index, follow, max-snippet:-1, max-image-preview:large, max-video-preview:-1\" \/>\n<link rel=\"canonical\" href=\"https:\/\/coldhawaiiwatersport.dk\/en\/vare\/rental-of-14-foot-dinghy\/\" \/>\n<meta property=\"og:locale\" content=\"en_US\" \/>\n<meta property=\"og:type\" content=\"article\" \/>\n<meta property=\"og:title\" content=\"Rental of 14-foot Dinghy - coldhawaiiwatersport.dk\" \/>\n<meta property=\"og:description\" content=\"Dinghy for rent From Aggervej 28 which is rented for the 2.5 hour departure. It is a 14-foot dinghy with a 9.9 hp outboard motor, no proof is required to sail the dinghy (easy introduction to the engine and boat how it works is given before departure) with space for 4-5 people (my age to rent 16 years ). DKK 500 + consumption of petrol.  Either sail a nice trip up towards M\u00e5rupm\u00f8lle or the other way out towards the fjord or across to flat sea or up to \u00d8rum lake and you can bring your fishing rod, there are 38 km of canals and lakes. otherwise you can just lie down and play in the immediate area and have a great day with family. and friends or a romantic girlfriend go with a bottle of bubbly and watch the sun go down. we have 1 dinghy that is rented for the 2.5 hour departure. Life jackets are required (which we provide). (sailing with the dinghy is at your own risk) and must be returned in the same condition as received\" \/>\n<meta property=\"og:url\" content=\"https:\/\/coldhawaiiwatersport.dk\/en\/vare\/rental-of-14-foot-dinghy\/\" \/>\n<meta property=\"og:site_name\" content=\"coldhawaiiwatersport.dk\" \/>\n<meta property=\"article:publisher\" content=\"https:\/\/www.facebook.com\/coldhawaiiwatersport\" \/>\n<meta property=\"article:modified_time\" content=\"2024-07-30T13:26:07+00:00\" \/>\n<meta property=\"og:image\" content=\"https:\/\/coldhawaiiwatersport.dk\/wp-content\/uploads\/2022\/05\/2CEB7CDA-8453-48F9-947B-BFB77981ADA7-scaled.jpeg\" \/>\n\t<meta property=\"og:image:width\" content=\"2560\" \/>\n\t<meta property=\"og:image:height\" content=\"1920\" \/>\n\t<meta property=\"og:image:type\" content=\"image\/jpeg\" \/>\n<meta name=\"twitter:card\" content=\"summary_large_image\" \/>\n<meta name=\"twitter:label1\" content=\"Est. reading time\" \/>\n\t<meta name=\"twitter:data1\" content=\"1 minute\" \/>\n<script type=\"application\/ld+json\" class=\"yoast-schema-graph\">{\"@context\":\"https:\/\/schema.org\",\"@graph\":[{\"@type\":\"WebPage\",\"@id\":\"https:\/\/coldhawaiiwatersport.dk\/en\/vare\/rental-of-14-foot-dinghy\/\",\"url\":\"https:\/\/coldhawaiiwatersport.dk\/en\/vare\/rental-of-14-foot-dinghy\/\",\"name\":\"Rental of 14-foot Dinghy - coldhawaiiwatersport.dk\",\"isPartOf\":{\"@id\":\"https:\/\/coldhawaiiwatersport.dk\/en\/#website\"},\"primaryImageOfPage\":{\"@id\":\"https:\/\/coldhawaiiwatersport.dk\/en\/vare\/rental-of-14-foot-dinghy\/#primaryimage\"},\"image\":{\"@id\":\"https:\/\/coldhawaiiwatersport.dk\/en\/vare\/rental-of-14-foot-dinghy\/#primaryimage\"},\"thumbnailUrl\":\"https:\/\/coldhawaiiwatersport.dk\/wp-content\/uploads\/2022\/05\/2CEB7CDA-8453-48F9-947B-BFB77981ADA7-scaled.jpeg\",\"datePublished\":\"2022-06-02T07:43:26+00:00\",\"dateModified\":\"2024-07-30T13:26:07+00:00\",\"breadcrumb\":{\"@id\":\"https:\/\/coldhawaiiwatersport.dk\/en\/vare\/rental-of-14-foot-dinghy\/#breadcrumb\"},\"inLanguage\":\"en-US\",\"potentialAction\":[{\"@type\":\"ReadAction\",\"target\":[\"https:\/\/coldhawaiiwatersport.dk\/en\/vare\/rental-of-14-foot-dinghy\/\"]}]},{\"@type\":\"ImageObject\",\"inLanguage\":\"en-US\",\"@id\":\"https:\/\/coldhawaiiwatersport.dk\/en\/vare\/rental-of-14-foot-dinghy\/#primaryimage\",\"url\":\"https:\/\/coldhawaiiwatersport.dk\/wp-content\/uploads\/2022\/05\/2CEB7CDA-8453-48F9-947B-BFB77981ADA7-scaled.jpeg\",\"contentUrl\":\"https:\/\/coldhawaiiwatersport.dk\/wp-content\/uploads\/2022\/05\/2CEB7CDA-8453-48F9-947B-BFB77981ADA7-scaled.jpeg\",\"width\":2560,\"height\":1920},{\"@type\":\"BreadcrumbList\",\"@id\":\"https:\/\/coldhawaiiwatersport.dk\/en\/vare\/rental-of-14-foot-dinghy\/#breadcrumb\",\"itemListElement\":[{\"@type\":\"ListItem\",\"position\":1,\"name\":\"Hjem\",\"item\":\"https:\/\/coldhawaiiwatersport.dk\/en\/\"},{\"@type\":\"ListItem\",\"position\":2,\"name\":\"Products\",\"item\":\"https:\/\/coldhawaiiwatersport.dk\/en\/shop\/\"},{\"@type\":\"ListItem\",\"position\":3,\"name\":\"Rental of 14-foot Dinghy\"}]},{\"@type\":\"WebSite\",\"@id\":\"https:\/\/coldhawaiiwatersport.dk\/en\/#website\",\"url\":\"https:\/\/coldhawaiiwatersport.dk\/en\/\",\"name\":\"coldhawaiiwatersport.dk\",\"description\":\"Delfin safari, sup board, kajak, ribb\u00e5d tur og meget mere!\",\"publisher\":{\"@id\":\"https:\/\/coldhawaiiwatersport.dk\/en\/#organization\"},\"potentialAction\":[{\"@type\":\"SearchAction\",\"target\":{\"@type\":\"EntryPoint\",\"urlTemplate\":\"https:\/\/coldhawaiiwatersport.dk\/en\/?s={search_term_string}\"},\"query-input\":{\"@type\":\"PropertyValueSpecification\",\"valueRequired\":true,\"valueName\":\"search_term_string\"}}],\"inLanguage\":\"en-US\"},{\"@type\":\"Organization\",\"@id\":\"https:\/\/coldhawaiiwatersport.dk\/en\/#organization\",\"name\":\"coldhawaiiwatersport.dk\",\"url\":\"https:\/\/coldhawaiiwatersport.dk\/en\/\",\"logo\":{\"@type\":\"ImageObject\",\"inLanguage\":\"en-US\",\"@id\":\"https:\/\/coldhawaiiwatersport.dk\/en\/#\/schema\/logo\/image\/\",\"url\":\"https:\/\/coldhawaiiwatersport.dk\/wp-content\/uploads\/2022\/05\/cold-hawaii-waterspor-logo.png\",\"contentUrl\":\"https:\/\/coldhawaiiwatersport.dk\/wp-content\/uploads\/2022\/05\/cold-hawaii-waterspor-logo.png\",\"width\":421,\"height\":278,\"caption\":\"coldhawaiiwatersport.dk\"},\"image\":{\"@id\":\"https:\/\/coldhawaiiwatersport.dk\/en\/#\/schema\/logo\/image\/\"},\"sameAs\":[\"https:\/\/www.facebook.com\/coldhawaiiwatersport\",\"https:\/\/www.instagram.com\/coldhawaiiwatersport\/\"]}]}<\/script>\n<!-- \/ Yoast SEO plugin. -->","yoast_head_json":{"title":"Rental of 14-foot Dinghy - coldhawaiiwatersport.dk","robots":{"index":"index","follow":"follow","max-snippet":"max-snippet:-1","max-image-preview":"max-image-preview:large","max-video-preview":"max-video-preview:-1"},"canonical":"https:\/\/coldhawaiiwatersport.dk\/en\/vare\/rental-of-14-foot-dinghy\/","og_locale":"en_US","og_type":"article","og_title":"Rental of 14-foot Dinghy - coldhawaiiwatersport.dk","og_description":"Dinghy for rent From Aggervej 28 which is rented for the 2.5 hour departure. It is a 14-foot dinghy with a 9.9 hp outboard motor, no proof is required to sail the dinghy (easy introduction to the engine and boat how it works is given before departure) with space for 4-5 people (my age to rent 16 years ). DKK 500 + consumption of petrol.  Either sail a nice trip up towards M\u00e5rupm\u00f8lle or the other way out towards the fjord or across to flat sea or up to \u00d8rum lake and you can bring your fishing rod, there are 38 km of canals and lakes. otherwise you can just lie down and play in the immediate area and have a great day with family. and friends or a romantic girlfriend go with a bottle of bubbly and watch the sun go down. we have 1 dinghy that is rented for the 2.5 hour departure. Life jackets are required (which we provide). (sailing with the dinghy is at your own risk) and must be returned in the same condition as received","og_url":"https:\/\/coldhawaiiwatersport.dk\/en\/vare\/rental-of-14-foot-dinghy\/","og_site_name":"coldhawaiiwatersport.dk","article_publisher":"https:\/\/www.facebook.com\/coldhawaiiwatersport","article_modified_time":"2024-07-30T13:26:07+00:00","og_image":[{"width":2560,"height":1920,"url":"https:\/\/coldhawaiiwatersport.dk\/wp-content\/uploads\/2022\/05\/2CEB7CDA-8453-48F9-947B-BFB77981ADA7-scaled.jpeg","type":"image\/jpeg"}],"twitter_card":"summary_large_image","twitter_misc":{"Est. reading time":"1 minute"},"schema":{"@context":"https:\/\/schema.org","@graph":[{"@type":"WebPage","@id":"https:\/\/coldhawaiiwatersport.dk\/en\/vare\/rental-of-14-foot-dinghy\/","url":"https:\/\/coldhawaiiwatersport.dk\/en\/vare\/rental-of-14-foot-dinghy\/","name":"Rental of 14-foot Dinghy - coldhawaiiwatersport.dk","isPartOf":{"@id":"https:\/\/coldhawaiiwatersport.dk\/en\/#website"},"primaryImageOfPage":{"@id":"https:\/\/coldhawaiiwatersport.dk\/en\/vare\/rental-of-14-foot-dinghy\/#primaryimage"},"image":{"@id":"https:\/\/coldhawaiiwatersport.dk\/en\/vare\/rental-of-14-foot-dinghy\/#primaryimage"},"thumbnailUrl":"https:\/\/coldhawaiiwatersport.dk\/wp-content\/uploads\/2022\/05\/2CEB7CDA-8453-48F9-947B-BFB77981ADA7-scaled.jpeg","datePublished":"2022-06-02T07:43:26+00:00","dateModified":"2024-07-30T13:26:07+00:00","breadcrumb":{"@id":"https:\/\/coldhawaiiwatersport.dk\/en\/vare\/rental-of-14-foot-dinghy\/#breadcrumb"},"inLanguage":"en-US","potentialAction":[{"@type":"ReadAction","target":["https:\/\/coldhawaiiwatersport.dk\/en\/vare\/rental-of-14-foot-dinghy\/"]}]},{"@type":"ImageObject","inLanguage":"en-US","@id":"https:\/\/coldhawaiiwatersport.dk\/en\/vare\/rental-of-14-foot-dinghy\/#primaryimage","url":"https:\/\/coldhawaiiwatersport.dk\/wp-content\/uploads\/2022\/05\/2CEB7CDA-8453-48F9-947B-BFB77981ADA7-scaled.jpeg","contentUrl":"https:\/\/coldhawaiiwatersport.dk\/wp-content\/uploads\/2022\/05\/2CEB7CDA-8453-48F9-947B-BFB77981ADA7-scaled.jpeg","width":2560,"height":1920},{"@type":"BreadcrumbList","@id":"https:\/\/coldhawaiiwatersport.dk\/en\/vare\/rental-of-14-foot-dinghy\/#breadcrumb","itemListElement":[{"@type":"ListItem","position":1,"name":"Hjem","item":"https:\/\/coldhawaiiwatersport.dk\/en\/"},{"@type":"ListItem","position":2,"name":"Products","item":"https:\/\/coldhawaiiwatersport.dk\/en\/shop\/"},{"@type":"ListItem","position":3,"name":"Rental of 14-foot Dinghy"}]},{"@type":"WebSite","@id":"https:\/\/coldhawaiiwatersport.dk\/en\/#website","url":"https:\/\/coldhawaiiwatersport.dk\/en\/","name":"coldhawaiiwatersport.dk","description":"Delfin safari, sup board, kajak, ribb\u00e5d tur og meget mere!","publisher":{"@id":"https:\/\/coldhawaiiwatersport.dk\/en\/#organization"},"potentialAction":[{"@type":"SearchAction","target":{"@type":"EntryPoint","urlTemplate":"https:\/\/coldhawaiiwatersport.dk\/en\/?s={search_term_string}"},"query-input":{"@type":"PropertyValueSpecification","valueRequired":true,"valueName":"search_term_string"}}],"inLanguage":"en-US"},{"@type":"Organization","@id":"https:\/\/coldhawaiiwatersport.dk\/en\/#organization","name":"coldhawaiiwatersport.dk","url":"https:\/\/coldhawaiiwatersport.dk\/en\/","logo":{"@type":"ImageObject","inLanguage":"en-US","@id":"https:\/\/coldhawaiiwatersport.dk\/en\/#\/schema\/logo\/image\/","url":"https:\/\/coldhawaiiwatersport.dk\/wp-content\/uploads\/2022\/05\/cold-hawaii-waterspor-logo.png","contentUrl":"https:\/\/coldhawaiiwatersport.dk\/wp-content\/uploads\/2022\/05\/cold-hawaii-waterspor-logo.png","width":421,"height":278,"caption":"coldhawaiiwatersport.dk"},"image":{"@id":"https:\/\/coldhawaiiwatersport.dk\/en\/#\/schema\/logo\/image\/"},"sameAs":["https:\/\/www.facebook.com\/coldhawaiiwatersport","https:\/\/www.instagram.com\/coldhawaiiwatersport\/"]}]}},"_links":{"self":[{"href":"https:\/\/coldhawaiiwatersport.dk\/en\/wp-json\/wp\/v2\/product\/2857","targetHints":{"allow":["GET"]}}],"collection":[{"href":"https:\/\/coldhawaiiwatersport.dk\/en\/wp-json\/wp\/v2\/product"}],"about":[{"href":"https:\/\/coldhawaiiwatersport.dk\/en\/wp-json\/wp\/v2\/types\/product"}],"wp:featuredmedia":[{"embeddable":true,"href":"https:\/\/coldhawaiiwatersport.dk\/en\/wp-json\/wp\/v2\/media\/1766"}],"wp:attachment":[{"href":"https:\/\/coldhawaiiwatersport.dk\/en\/wp-json\/wp\/v2\/media?parent=2857"}],"wp:term":[{"taxonomy":"product_brand","embeddable":true,"href":"https:\/\/coldhawaiiwatersport.dk\/en\/wp-json\/wp\/v2\/product_brand?post=2857"},{"taxonomy":"product_cat","embeddable":true,"href":"https:\/\/coldhawaiiwatersport.dk\/en\/wp-json\/wp\/v2\/product_cat?post=2857"},{"taxonomy":"product_tag","embeddable":true,"href":"https:\/\/coldhawaiiwatersport.dk\/en\/wp-json\/wp\/v2\/product_tag?post=2857"}],"curies":[{"name":"wp","href":"https:\/\/api.w.org\/{rel}","templated":true}]}}